{"id":39,"date":"2025-04-28T07:35:55","date_gmt":"2025-04-28T07:35:55","guid":{"rendered":"https:\/\/anemic.uniri.hr\/?page_id=39"},"modified":"2025-12-13T14:26:15","modified_gmt":"2025-12-13T14:26:15","slug":"publications","status":"publish","type":"page","link":"https:\/\/anemic.uniri.hr\/?page_id=39","title":{"rendered":"Publications"},"content":{"rendered":"\n<ul class=\"wp-block-list\">\n<li style=\"font-size:19px\">Sara Grb\u010di\u0107 Erdelj, Gordan Jeleni\u0107, Adnan Ibrahimbegovi\u0107: <em><a href=\"https:\/\/csm.hr\/iccsm2025\/upload_hdm\/11th_ICCSM_2025_BoA_web.pdf\" data-type=\"link\" data-id=\"https:\/\/csm.hr\/iccsm2025\/upload_hdm\/11th_ICCSM_2025_BoA_web.pdf\" target=\"_blank\" rel=\"noreferrer noopener\">Geometrically Non-Linear Hexahedral Micropolar Finite Element Enhanced<br>with Incompatible Modes<\/a><\/em>. 11th International Congress of Croatian Society of Mechanics. Vodice, 2025. pp. 101-102.<\/li>\n\n\n\n<li>Laura Grbac, Gordan Jeleni\u0107: <em><a href=\"https:\/\/csm.hr\/iccsm2025\/upload_hdm\/11th_ICCSM_2025_BoA_web.pdf\" data-type=\"link\" data-id=\"https:\/\/csm.hr\/iccsm2025\/upload_hdm\/11th_ICCSM_2025_BoA_web.pdf\" target=\"_blank\" rel=\"noreferrer noopener\">Application of Fixed-Pole Interpolation in Vibration Analysis of 3D Micropolar Continuum<\/a><\/em>. 11th International Congress of Croatian Society of Mechanics. Vodice, 2025. pp. 99-100.<\/li>\n\n\n\n<li>Gordan Jeleni\u0107, Dragan Ribari\u0107: <em><a href=\"https:\/\/csm.hr\/iccsm2025\/upload_hdm\/11th_ICCSM_2025_BoA_web.pdf\" data-type=\"link\" data-id=\"https:\/\/csm.hr\/iccsm2025\/upload_hdm\/11th_ICCSM_2025_BoA_web.pdf\" target=\"_blank\" rel=\"noreferrer noopener\">Pure Bending of Rectangular Prism Including Anticlastic Deformation in Cosserats\u2019 Continuum \u2013 Analytical Approach<\/a><\/em>. 11th International Congress of Croatian Society of Mechanics. Vodice, 2025. pp. 123-124<\/li>\n\n\n\n<li>Edita Papa Duki\u0107, Gordan Jeleni\u0107: <em><a href=\"https:\/\/www.itwm.fraunhofer.de\/s\/ebook-en\/HFSS-2025-BoA\/epaper\/HFSS-2025_Book-of-Abstracts.pdf\" target=\"_blank\" rel=\"noreferrer noopener\">Inverse size effect explained through the Cosserat theory of elasticity<\/a>.<\/em> 2nd International Conference on Highly Flexible Slender Structures, Kaiserslautern, Germany, 2025, pp. 36-37.<\/li>\n\n\n\n<li>Gordan Jeleni\u0107: <em><a href=\"https:\/\/www.itwm.fraunhofer.de\/s\/ebook-en\/HFSS-2025-BoA\/epaper\/HFSS-2025_Book-of-Abstracts.pdf\" data-type=\"link\" data-id=\"https:\/\/www.itwm.fraunhofer.de\/s\/ebook-en\/HFSS-2025-BoA\/epaper\/HFSS-2025_Book-of-Abstracts.pdf\" target=\"_blank\" rel=\"noreferrer noopener\">Pure 2D bending of a hyperelastic strip \u2013 first integral of equilibrium and integrability conditions<\/a><\/em>. 2nd International Conference on Highly Flexible Slender Structures, Kaiserslautern, Germany, 2025, pp. 36-37.<\/li>\n\n\n\n<li>Laura Grbac: <em><a href=\"https:\/\/mfc.uniri.hr\/wp-content\/uploads\/2025\/09\/MFC2025_BoA_final.pdf\" target=\"_blank\" rel=\"noreferrer noopener\">Materials with Microstructures Under Investigation: Numerical Modelling, Experiments, and Beyond<\/a><\/em>. Book of Abstracts of the 9th Annual PhD Conference on Engineering and Technology MFC 2025, Rijeka: University of Rijeka, Faculty of Civil Engineering, Rijeka, Croatia, 2025. pp. 7-7.<\/li>\n\n\n\n<li>Laura Grbac, Gordan Jeleni\u0107: <em><a href=\"https:\/\/zt2025.uniri.hr\/eksperimentalno-i-teorijsko-ispitivanje-ploca-s-kruznom-rupom-pod-jednoosnim-vlacnim-opterecenjem-u-linearnoj-analizi\/\" target=\"_blank\" rel=\"noreferrer noopener\">Eksperimentalno i teorijsko ispitivanje plo\u010da s kru\u017enom rupom pod jednoosnim vla\u010dnim optere\u0107enjem u linearnoj analizi<\/a><\/em>. Zajedni\u010dki temelji 2025: zbornik radova 11. skupa mladih istra\u017eiva\u010da iz podru\u010dja gra\u0111evinarstva i srodnih tehni\u010dkih znanosti, 9. \u2013 12. July 2025., Rijeka: University ofRijeka, Faculty of Civil Engineering, 2025. pp. 27-32. doi: 10.32762\/zt.2025.4<\/li>\n<\/ul>\n\n\n\n<p><\/p>\n","protected":false},"excerpt":{"rendered":"","protected":false},"author":2,"featured_media":0,"parent":0,"menu_order":0,"comment_status":"closed","ping_status":"closed","template":"","meta":{"site-sidebar-layout":"default","site-content-layout":"","ast-site-content-layout":"default","site-content-style":"default","site-sidebar-style":"default","ast-global-header-display":"","ast-banner-title-visibility":"","ast-main-header-display":"","ast-hfb-above-header-display":"","ast-hfb-below-header-display":"","ast-hfb-mobile-header-display":"","site-post-title":"","ast-breadcrumbs-content":"","ast-featured-img":"","footer-sml-layout":"","ast-disable-related-posts":"","theme-transparent-header-meta":"","adv-header-id-meta":"","stick-header-meta":"","header-above-stick-meta":"","header-main-stick-meta":"","header-below-stick-meta":"","astra-migrate-meta-layouts":"default","ast-page-background-enabled":"default","ast-page-background-meta":{"desktop":{"background-color":"var(--ast-global-color-5)","background-image":"","background-repeat":"repeat","background-position":"center center","background-size":"auto","background-attachment":"scroll","background-type":"","background-media":"","overlay-type":"","overlay-color":"","overlay-opacity":"","overlay-gradient":""},"tablet":{"background-color":"","background-image":"","background-repeat":"repeat","background-position":"center center","background-size":"auto","background-attachment":"scroll","background-type":"","background-media":"","overlay-type":"","overlay-color":"","overlay-opacity":"","overlay-gradient":""},"mobile":{"background-color":"","background-image":"","background-repeat":"repeat","background-position":"center center","background-size":"auto","background-attachment":"scroll","background-type":"","background-media":"","overlay-type":"","overlay-color":"","overlay-opacity":"","overlay-gradient":""}},"ast-content-background-meta":{"desktop":{"background-color":"var(--ast-global-color-4)","background-image":"","background-repeat":"repeat","background-position":"center center","background-size":"auto","background-attachment":"scroll","background-type":"","background-media":"","overlay-type":"","overlay-color":"","overlay-opacity":"","overlay-gradient":""},"tablet":{"background-color":"var(--ast-global-color-4)","background-image":"","background-repeat":"repeat","background-position":"center center","background-size":"auto","background-attachment":"scroll","background-type":"","background-media":"","overlay-type":"","overlay-color":"","overlay-opacity":"","overlay-gradient":""},"mobile":{"background-color":"var(--ast-global-color-4)","background-image":"","background-repeat":"repeat","background-position":"center center","background-size":"auto","background-attachment":"scroll","background-type":"","background-media":"","overlay-type":"","overlay-color":"","overlay-opacity":"","overlay-gradient":""}},"footnotes":""},"class_list":["post-39","page","type-page","status-publish","hentry"],"_links":{"self":[{"href":"https:\/\/anemic.uniri.hr\/index.php?rest_route=\/wp\/v2\/pages\/39","targetHints":{"allow":["GET"]}}],"collection":[{"href":"https:\/\/anemic.uniri.hr\/index.php?rest_route=\/wp\/v2\/pages"}],"about":[{"href":"https:\/\/anemic.uniri.hr\/index.php?rest_route=\/wp\/v2\/types\/page"}],"author":[{"embeddable":true,"href":"https:\/\/anemic.uniri.hr\/index.php?rest_route=\/wp\/v2\/users\/2"}],"replies":[{"embeddable":true,"href":"https:\/\/anemic.uniri.hr\/index.php?rest_route=%2Fwp%2Fv2%2Fcomments&post=39"}],"version-history":[{"count":7,"href":"https:\/\/anemic.uniri.hr\/index.php?rest_route=\/wp\/v2\/pages\/39\/revisions"}],"predecessor-version":[{"id":266,"href":"https:\/\/anemic.uniri.hr\/index.php?rest_route=\/wp\/v2\/pages\/39\/revisions\/266"}],"wp:attachment":[{"href":"https:\/\/anemic.uniri.hr\/index.php?rest_route=%2Fwp%2Fv2%2Fmedia&parent=39"}],"curies":[{"name":"wp","href":"https:\/\/api.w.org\/{rel}","templated":true}]}}